{"id":174,"date":"2023-11-30T14:01:05","date_gmt":"2023-11-30T14:01:05","guid":{"rendered":"http:\/\/gt23.granteam.pl\/?page_id=174"},"modified":"2026-04-04T20:16:24","modified_gmt":"2026-04-04T20:16:24","slug":"o-nas","status":"publish","type":"page","link":"https:\/\/granteam.pl\/en\/o-nas\/","title":{"rendered":"About us"},"content":{"rendered":"<div data-elementor-type=\"wp-page\" data-elementor-id=\"174\" class=\"elementor elementor-174\">\n\t\t\t\t\t\t\t<div class=\"elementor-element elementor-element-7dbcd501 e-con-full e-flex e-con e-parent\" data-id=\"7dbcd501\" data-element_type=\"container\" data-settings=\"{&quot;background_background&quot;:&quot;gradient&quot;,&quot;content_width&quot;:&quot;full&quot;}\" data-core-v316-plus=\"true\">\n\t\t<div class=\"elementor-element elementor-element-2706957 e-flex e-con-boxed e-con e-child\" data-id=\"2706957\" data-element_type=\"container\" data-settings=\"{&quot;content_width&quot;:&quot;boxed&quot;}\">\n\t\t\t\t\t<div class=\"e-con-inner\">\n\t\t\t\t<div class=\"elementor-element elementor-element-2900bc68 elementor-widget__width-initial elementor-widget elementor-widget-heading\" data-id=\"2900bc68\" data-element_type=\"widget\" data-widget_type=\"heading.default\">\n\t\t\t\t<div class=\"elementor-widget-container\">\n\t\t\t<style>\/*! elementor - v3.18.0 - 20-12-2023 *\/\n.elementor-heading-title{padding:0;margin:0;line-height:1}.elementor-widget-heading .elementor-heading-title[class*=elementor-size-]>a{color:inherit;font-size:inherit;line-height:inherit}.elementor-widget-heading .elementor-heading-title.elementor-size-small{font-size:15px}.elementor-widget-heading .elementor-heading-title.elementor-size-medium{font-size:19px}.elementor-widget-heading .elementor-heading-title.elementor-size-large{font-size:29px}.elementor-widget-heading .elementor-heading-title.elementor-size-xl{font-size:39px}.elementor-widget-heading .elementor-heading-title.elementor-size-xxl{font-size:59px}<\/style><h1 class=\"elementor-heading-title elementor-size-default\">About us<\/h1>\t\t<\/div>\n\t\t\t\t<\/div>\n\t\t\t\t<div class=\"elementor-element elementor-element-7f6e5d94 elementor-widget__width-initial elementor-widget elementor-widget-heading\" data-id=\"7f6e5d94\" data-element_type=\"widget\" data-widget_type=\"heading.default\">\n\t\t\t\t<div class=\"elementor-widget-container\">\n\t\t\t<h2 class=\"elementor-heading-title elementor-size-default\">Rozwijamy i wdra\u017camy zaawansowany system LIMS WEBLAB dla nowoczesnych laboratori\u00f3w <\/h2>\t\t<\/div>\n\t\t\t\t<\/div>\n\t\t\t\t\t<\/div>\n\t\t\t\t<\/div>\n\t\t<div class=\"elementor-element elementor-element-6557ef87 e-con-full e-flex e-con e-child\" data-id=\"6557ef87\" data-element_type=\"container\" data-settings=\"{&quot;content_width&quot;:&quot;full&quot;,&quot;background_background&quot;:&quot;classic&quot;}\">\n\t\t\t\t<\/div>\n\t\t\t\t<\/div>\n\t\t<div class=\"elementor-element elementor-element-252b4763 e-flex e-con-boxed e-con e-parent\" data-id=\"252b4763\" data-element_type=\"container\" data-settings=\"{&quot;content_width&quot;:&quot;boxed&quot;}\" data-core-v316-plus=\"true\">\n\t\t\t\t\t<div class=\"e-con-inner\">\n\t\t<div class=\"elementor-element elementor-element-6ad3c542 e-con-full e-flex e-con e-child\" data-id=\"6ad3c542\" data-element_type=\"container\" data-settings=\"{&quot;content_width&quot;:&quot;full&quot;}\">\n\t\t\t\t<div class=\"elementor-element elementor-element-a6f948e elementor-widget elementor-widget-image\" data-id=\"a6f948e\" data-element_type=\"widget\" data-widget_type=\"image.default\">\n\t\t\t\t<div class=\"elementor-widget-container\">\n\t\t\t<style>\/*! elementor - v3.18.0 - 20-12-2023 *\/\n.elementor-widget-image{text-align:center}.elementor-widget-image a{display:inline-block}.elementor-widget-image a img[src$=\".svg\"]{width:48px}.elementor-widget-image img{vertical-align:middle;display:inline-block}<\/style>\t\t\t\t\t\t\t\t\t\t\t\t<img fetchpriority=\"high\" decoding=\"async\" width=\"768\" height=\"513\" src=\"https:\/\/granteam.pl\/wp-content\/uploads\/unsplash_VBLHICVh-lI-min-768x513.jpg\" class=\"attachment-medium_large size-medium_large wp-image-751\" alt=\"\" srcset=\"https:\/\/granteam.pl\/wp-content\/uploads\/unsplash_VBLHICVh-lI-min-768x513.jpg 768w, https:\/\/granteam.pl\/wp-content\/uploads\/unsplash_VBLHICVh-lI-min-300x200.jpg 300w, https:\/\/granteam.pl\/wp-content\/uploads\/unsplash_VBLHICVh-lI-min.jpg 800w\" sizes=\"(max-width: 768px) 100vw, 768px\" \/>\t\t\t\t\t\t\t\t\t\t\t\t\t\t\t<\/div>\n\t\t\t\t<\/div>\n\t\t\t\t<\/div>\n\t\t<div class=\"elementor-element elementor-element-41ef654 e-con-full e-flex e-con e-child\" data-id=\"41ef654\" data-element_type=\"container\" data-settings=\"{&quot;content_width&quot;:&quot;full&quot;}\">\n\t\t\t\t<div class=\"elementor-element elementor-element-ab9b037 elementor-widget elementor-widget-heading\" data-id=\"ab9b037\" data-element_type=\"widget\" data-widget_type=\"heading.default\">\n\t\t\t\t<div class=\"elementor-widget-container\">\n\t\t\t<h2 class=\"elementor-heading-title elementor-size-default\"><h2 data-elementor-setting-key=\"title\" data-pen-placeholder=\"Type Here...\" style=\"font-size: var( --e-global-typography-secondary-font-size ); font-style: normal; font-weight: var( --e-global-typography-secondary-font-weight ); line-height: var( --e-global-typography-secondary-line-height ); font-family: var( --e-global-typography-secondary-font-family ), Sans-serif; text-transform: none; text-decoration-thickness: initial; text-decoration-style: initial; text-decoration-color: initial; letter-spacing: var( --e-global-typography-secondary-letter-spacing ); word-spacing: 0px;\">We create IT systems<\/h2><\/h2>\t\t<\/div>\n\t\t\t\t<\/div>\n\t\t\t\t<div class=\"elementor-element elementor-element-a94f0be elementor-widget__width-initial elementor-widget elementor-widget-text-editor\" data-id=\"a94f0be\" data-element_type=\"widget\" data-widget_type=\"text-editor.default\">\n\t\t\t\t<div class=\"elementor-widget-container\">\n\t\t\t<style>\/*! elementor - v3.18.0 - 20-12-2023 *\/\n.elementor-widget-text-editor.elementor-drop-cap-view-stacked .elementor-drop-cap{background-color:#69727d;color:#fff}.elementor-widget-text-editor.elementor-drop-cap-view-framed .elementor-drop-cap{color:#69727d;border:3px solid;background-color:transparent}.elementor-widget-text-editor:not(.elementor-drop-cap-view-default) .elementor-drop-cap{margin-top:8px}.elementor-widget-text-editor:not(.elementor-drop-cap-view-default) .elementor-drop-cap-letter{width:1em;height:1em}.elementor-widget-text-editor .elementor-drop-cap{float:left;text-align:center;line-height:1;font-size:50px}.elementor-widget-text-editor .elementor-drop-cap-letter{display:inline-block}<\/style>\t\t\t\t<p>We have many years of experience in implementing LIMS systems in contract laboratories, quality control and research and development laboratories.<\/p><p>Cooperation always begins with a thorough identification of the unique needs of the Laboratory, the scale of its operation, development plans and management systems already used.<\/p>\t\t\t\t\t\t<\/div>\n\t\t\t\t<\/div>\n\t\t\t\t<div class=\"elementor-element elementor-element-34479ec elementor-widget__width-initial elementor-widget elementor-widget-text-editor\" data-id=\"34479ec\" data-element_type=\"widget\" data-widget_type=\"text-editor.default\">\n\t\t\t\t<div class=\"elementor-widget-container\">\n\t\t\t\t\t\t\t\t\t\t\t\t\t<\/div>\n\t\t\t\t<\/div>\n\t\t\t\t<div class=\"elementor-element elementor-element-9f28ac1 elementor-widget__width-initial elementor-widget elementor-widget-text-editor\" data-id=\"9f28ac1\" data-element_type=\"widget\" data-widget_type=\"text-editor.default\">\n\t\t\t\t<div class=\"elementor-widget-container\">\n\t\t\t\t\t\t\t\t\t\t\t\t\t<\/div>\n\t\t\t\t<\/div>\n\t\t\t\t<\/div>\n\t\t\t\t\t<\/div>\n\t\t\t\t<\/div>\n\t\t<div class=\"elementor-element elementor-element-25bf3ccb e-flex e-con-boxed e-con e-parent\" data-id=\"25bf3ccb\" data-element_type=\"container\" data-settings=\"{&quot;background_background&quot;:&quot;classic&quot;,&quot;content_width&quot;:&quot;boxed&quot;}\" data-core-v316-plus=\"true\">\n\t\t\t\t\t<div class=\"e-con-inner\">\n\t\t<div class=\"elementor-element elementor-element-67efeacf e-con-full e-flex e-con e-child\" data-id=\"67efeacf\" data-element_type=\"container\" data-settings=\"{&quot;content_width&quot;:&quot;full&quot;}\">\n\t\t\t\t<div class=\"elementor-element elementor-element-a84b6d7 elementor-widget elementor-widget-image\" data-id=\"a84b6d7\" data-element_type=\"widget\" data-widget_type=\"image.default\">\n\t\t\t\t<div class=\"elementor-widget-container\">\n\t\t\t\t\t\t\t\t\t\t\t\t\t\t\t<img decoding=\"async\" width=\"768\" height=\"222\" src=\"https:\/\/granteam.pl\/wp-content\/uploads\/starlims_cmyk-removebg-preview-1-min-768x222.png\" class=\"attachment-medium_large size-medium_large wp-image-746\" alt=\"starlims logo\" srcset=\"https:\/\/granteam.pl\/wp-content\/uploads\/starlims_cmyk-removebg-preview-1-min-768x222.png 768w, https:\/\/granteam.pl\/wp-content\/uploads\/starlims_cmyk-removebg-preview-1-min-300x87.png 300w, https:\/\/granteam.pl\/wp-content\/uploads\/starlims_cmyk-removebg-preview-1-min.png 800w\" sizes=\"(max-width: 768px) 100vw, 768px\" \/>\t\t\t\t\t\t\t\t\t\t\t\t\t\t\t<\/div>\n\t\t\t\t<\/div>\n\t\t\t\t<\/div>\n\t\t<div class=\"elementor-element elementor-element-5b950ecd e-con-full e-flex e-con e-child\" data-id=\"5b950ecd\" data-element_type=\"container\" data-settings=\"{&quot;content_width&quot;:&quot;full&quot;}\">\n\t\t\t\t<div class=\"elementor-element elementor-element-ae379a9 elementor-widget__width-initial elementor-widget elementor-widget-text-editor\" data-id=\"ae379a9\" data-element_type=\"widget\" data-widget_type=\"text-editor.default\">\n\t\t\t\t<div class=\"elementor-widget-container\">\n\t\t\t\t\t\t\t\t\t\t\t\t\t<\/div>\n\t\t\t\t<\/div>\n\t\t\t\t<div class=\"elementor-element elementor-element-58a4280 elementor-widget__width-initial elementor-widget elementor-widget-text-editor\" data-id=\"58a4280\" data-element_type=\"widget\" data-widget_type=\"text-editor.default\">\n\t\t\t\t<div class=\"elementor-widget-container\">\n\t\t\t\t\t\t\t\t\t\t\t\t\t<\/div>\n\t\t\t\t<\/div>\n\t\t\t\t<div class=\"elementor-element elementor-element-ada8cdd elementor-widget elementor-widget-heading\" data-id=\"ada8cdd\" data-element_type=\"widget\" data-widget_type=\"heading.default\">\n\t\t\t\t<div class=\"elementor-widget-container\">\n\t\t\t<h2 class=\"elementor-heading-title elementor-size-default\">Byli\u015bmy oficjalnym dystrybutorem STARLIMS w Polsce, Czechach i na S\u0142owacji \u2014 dzi\u015b wykorzystujemy to do\u015bwiadczenie, aby zapewni\u0107 szybk\u0105 i efektywn\u0105 migracj\u0119 danych konfiguracyjnych i transakcyjnych ze STARLIMS do systemu WEBLAB<\/h2>\t\t<\/div>\n\t\t\t\t<\/div>\n\t\t\t\t<\/div>\n\t\t\t\t\t<\/div>\n\t\t\t\t<\/div>\n\t\t<div class=\"elementor-element elementor-element-7fd8fc5a e-flex e-con-boxed e-con e-parent\" data-id=\"7fd8fc5a\" data-element_type=\"container\" data-settings=\"{&quot;content_width&quot;:&quot;boxed&quot;}\" data-core-v316-plus=\"true\">\n\t\t\t\t\t<div class=\"e-con-inner\">\n\t\t\t\t\t<\/div>\n\t\t\t\t<\/div>\n\t\t<div class=\"elementor-element elementor-element-65599f4a e-flex e-con-boxed e-con e-parent\" data-id=\"65599f4a\" data-element_type=\"container\" data-settings=\"{&quot;content_width&quot;:&quot;boxed&quot;}\" data-core-v316-plus=\"true\">\n\t\t\t\t\t<div class=\"e-con-inner\">\n\t\t<div class=\"elementor-element elementor-element-a6d50f e-con-full e-flex e-con e-child\" data-id=\"a6d50f\" data-element_type=\"container\" data-settings=\"{&quot;content_width&quot;:&quot;full&quot;}\">\n\t\t\t\t<div class=\"elementor-element elementor-element-1a05ec57 elementor-widget elementor-widget-heading\" data-id=\"1a05ec57\" data-element_type=\"widget\" data-widget_type=\"heading.default\">\n\t\t\t\t<div class=\"elementor-widget-container\">\n\t\t\t<h3 class=\"elementor-heading-title elementor-size-default\">People are behind the company's success<\/h3>\t\t<\/div>\n\t\t\t\t<\/div>\n\t\t\t\t<div class=\"elementor-element elementor-element-184f06c0 elementor-widget__width-initial elementor-widget elementor-widget-text-editor\" data-id=\"184f06c0\" data-element_type=\"widget\" data-widget_type=\"text-editor.default\">\n\t\t\t\t<div class=\"elementor-widget-container\">\n\t\t\t\t\t\t\t<p><span style=\"white-space-collapse: preserve;\">At Granteam, we know that teamwork is important and allows us to combine competences. Together we solve the most complex problems that respond to the unique problems of our clients.<\/span><\/p>\t\t\t\t\t\t<\/div>\n\t\t\t\t<\/div>\n\t\t\t\t<\/div>\n\t\t<div class=\"elementor-element elementor-element-6a3340c4 e-con-full elementor-hidden-mobile e-flex e-con e-child\" data-id=\"6a3340c4\" data-element_type=\"container\" data-settings=\"{&quot;content_width&quot;:&quot;full&quot;}\">\n\t\t\t\t<\/div>\n\t\t\t\t\t<\/div>\n\t\t\t\t<\/div>\n\t\t<div class=\"elementor-element elementor-element-1cdf4f88 e-flex e-con-boxed e-con e-child\" data-id=\"1cdf4f88\" data-element_type=\"container\" data-settings=\"{&quot;content_width&quot;:&quot;boxed&quot;}\">\n\t\t\t\t\t<div class=\"e-con-inner\">\n\t\t<div class=\"elementor-element elementor-element-6c80c7a3 e-flex e-con-boxed e-con e-child\" data-id=\"6c80c7a3\" data-element_type=\"container\" data-settings=\"{&quot;content_width&quot;:&quot;boxed&quot;}\">\n\t\t\t\t\t<div class=\"e-con-inner\">\n\t\t<div class=\"elementor-element elementor-element-4c1496cb e-con-full e-flex e-con e-child\" data-id=\"4c1496cb\" data-element_type=\"container\" data-settings=\"{&quot;content_width&quot;:&quot;full&quot;}\">\n\t\t\t\t<div class=\"elementor-element elementor-element-7e521070 elementor-widget elementor-widget-image\" data-id=\"7e521070\" data-element_type=\"widget\" data-widget_type=\"image.default\">\n\t\t\t\t<div class=\"elementor-widget-container\">\n\t\t\t\t\t\t\t\t\t\t\t\t\t\t\t<img decoding=\"async\" width=\"225\" height=\"300\" src=\"https:\/\/granteam.pl\/wp-content\/uploads\/IMG_20240128_1903304952-225x300.jpg\" class=\"attachment-medium size-medium wp-image-1611\" alt=\"\" srcset=\"https:\/\/granteam.pl\/wp-content\/uploads\/IMG_20240128_1903304952-225x300.jpg 225w, https:\/\/granteam.pl\/wp-content\/uploads\/IMG_20240128_1903304952-768x1024.jpg 768w, https:\/\/granteam.pl\/wp-content\/uploads\/IMG_20240128_1903304952-1152x1536.jpg 1152w, https:\/\/granteam.pl\/wp-content\/uploads\/IMG_20240128_1903304952-1536x2048.jpg 1536w, https:\/\/granteam.pl\/wp-content\/uploads\/IMG_20240128_1903304952-9x12.jpg 9w, https:\/\/granteam.pl\/wp-content\/uploads\/IMG_20240128_1903304952-scaled.jpg 1920w\" sizes=\"(max-width: 225px) 100vw, 225px\" \/>\t\t\t\t\t\t\t\t\t\t\t\t\t\t\t<\/div>\n\t\t\t\t<\/div>\n\t\t\t\t<div class=\"elementor-element elementor-element-4a068b69 elementor-widget elementor-widget-heading\" data-id=\"4a068b69\" data-element_type=\"widget\" data-widget_type=\"heading.default\">\n\t\t\t\t<div class=\"elementor-widget-container\">\n\t\t\t<h2 class=\"elementor-heading-title elementor-size-default\">Jacek Gajdosz<\/h2>\t\t<\/div>\n\t\t\t\t<\/div>\n\t\t\t\t<div class=\"elementor-element elementor-element-6bd21f6 elementor-widget__width-initial elementor-widget elementor-widget-text-editor\" data-id=\"6bd21f6\" data-element_type=\"widget\" data-widget_type=\"text-editor.default\">\n\t\t\t\t<div class=\"elementor-widget-container\">\n\t\t\t\t\t\t\tChief Executive Officer\t\t\t\t\t\t<\/div>\n\t\t\t\t<\/div>\n\t\t\t\t<div class=\"elementor-element elementor-element-5e655bc8 elementor-widget__width-initial elementor-widget elementor-widget-text-editor\" data-id=\"5e655bc8\" data-element_type=\"widget\" data-widget_type=\"text-editor.default\">\n\t\t\t\t<div class=\"elementor-widget-container\">\n\t\t\t\t\t\t\t<a href=\"tel: 48797559449\">+48 797 559 449<\/a>\t\t\t\t\t\t<\/div>\n\t\t\t\t<\/div>\n\t\t\t\t<div class=\"elementor-element elementor-element-7bb544da elementor-widget__width-initial elementor-widget elementor-widget-text-editor\" data-id=\"7bb544da\" data-element_type=\"widget\" data-widget_type=\"text-editor.default\">\n\t\t\t\t<div class=\"elementor-widget-container\">\n\t\t\t\t\t\t\t<a href=\"mailto:jacek.gajdosz@granteam.pl\">jacek.gajdosz@granteam.pl<\/a>\t\t\t\t\t\t<\/div>\n\t\t\t\t<\/div>\n\t\t\t\t<\/div>\n\t\t<div class=\"elementor-element elementor-element-4e5944f e-con-full e-flex e-con e-child\" data-id=\"4e5944f\" data-element_type=\"container\" data-settings=\"{&quot;content_width&quot;:&quot;full&quot;}\">\n\t\t\t\t<div class=\"elementor-element elementor-element-5cc46254 elementor-widget elementor-widget-image\" data-id=\"5cc46254\" data-element_type=\"widget\" data-widget_type=\"image.default\">\n\t\t\t\t<div class=\"elementor-widget-container\">\n\t\t\t\t\t\t\t\t\t\t\t\t\t\t\t<img loading=\"lazy\" decoding=\"async\" width=\"300\" height=\"300\" src=\"https:\/\/granteam.pl\/wp-content\/uploads\/2023\/11\/Michal-Barczyk-300x300.jpg\" class=\"attachment-medium size-medium wp-image-181\" alt=\"\" srcset=\"https:\/\/granteam.pl\/wp-content\/uploads\/2023\/11\/Michal-Barczyk-300x300.jpg 300w, https:\/\/granteam.pl\/wp-content\/uploads\/2023\/11\/Michal-Barczyk-150x150.jpg 150w, https:\/\/granteam.pl\/wp-content\/uploads\/2023\/11\/Michal-Barczyk.jpg 450w\" sizes=\"(max-width: 300px) 100vw, 300px\" \/>\t\t\t\t\t\t\t\t\t\t\t\t\t\t\t<\/div>\n\t\t\t\t<\/div>\n\t\t\t\t<div class=\"elementor-element elementor-element-9c50df8 elementor-widget elementor-widget-heading\" data-id=\"9c50df8\" data-element_type=\"widget\" data-widget_type=\"heading.default\">\n\t\t\t\t<div class=\"elementor-widget-container\">\n\t\t\t<h2 class=\"elementor-heading-title elementor-size-default\">Micha\u0142 Barczyk<\/h2>\t\t<\/div>\n\t\t\t\t<\/div>\n\t\t\t\t<div class=\"elementor-element elementor-element-59b86d6e elementor-widget__width-initial elementor-widget elementor-widget-text-editor\" data-id=\"59b86d6e\" data-element_type=\"widget\" data-widget_type=\"text-editor.default\">\n\t\t\t\t<div class=\"elementor-widget-container\">\n\t\t\t\t\t\t\tBusiness Development Director\t\t\t\t\t\t<\/div>\n\t\t\t\t<\/div>\n\t\t\t\t<div class=\"elementor-element elementor-element-125c329a elementor-widget__width-initial elementor-widget elementor-widget-text-editor\" data-id=\"125c329a\" data-element_type=\"widget\" data-widget_type=\"text-editor.default\">\n\t\t\t\t<div class=\"elementor-widget-container\">\n\t\t\t\t\t\t\t<a href=\"tel: 48603545424\">+48 603 545 424<\/a>\t\t\t\t\t\t<\/div>\n\t\t\t\t<\/div>\n\t\t\t\t<div class=\"elementor-element elementor-element-74b31ae3 elementor-widget__width-initial elementor-widget elementor-widget-text-editor\" data-id=\"74b31ae3\" data-element_type=\"widget\" data-widget_type=\"text-editor.default\">\n\t\t\t\t<div class=\"elementor-widget-container\">\n\t\t\t\t\t\t\t<a href=\"mailto:michal.barczyk@granteam.pl\">michal.barczyk@granteam.pl<\/a>\t\t\t\t\t\t<\/div>\n\t\t\t\t<\/div>\n\t\t\t\t<\/div>\n\t\t\t\t\t<\/div>\n\t\t\t\t<\/div>\n\t\t\t\t\t<\/div>\n\t\t\t\t<\/div>\n\t\t<div class=\"elementor-element elementor-element-4c56ca9d e-flex e-con-boxed e-con e-parent\" data-id=\"4c56ca9d\" data-element_type=\"container\" data-settings=\"{&quot;content_width&quot;:&quot;boxed&quot;}\" data-core-v316-plus=\"true\">\n\t\t\t\t\t<div class=\"e-con-inner\">\n\t\t<div class=\"elementor-element elementor-element-45d9286 e-flex e-con-boxed e-con e-child\" data-id=\"45d9286\" data-element_type=\"container\" data-settings=\"{&quot;background_background&quot;:&quot;classic&quot;,&quot;content_width&quot;:&quot;boxed&quot;}\">\n\t\t\t\t\t<div class=\"e-con-inner\">\n\t\t<div class=\"elementor-element elementor-element-4caab551 e-con-full e-flex e-con e-child\" data-id=\"4caab551\" data-element_type=\"container\" data-settings=\"{&quot;content_width&quot;:&quot;full&quot;}\">\n\t\t\t\t<div class=\"elementor-element elementor-element-d68b02c elementor-widget elementor-widget-heading\" data-id=\"d68b02c\" data-element_type=\"widget\" data-widget_type=\"heading.default\">\n\t\t\t\t<div class=\"elementor-widget-container\">\n\t\t\t<h2 class=\"elementor-heading-title elementor-size-default\">Porozmawiajmy o usprawnieniu pracy Twojego laboratorium<\/h2>\t\t<\/div>\n\t\t\t\t<\/div>\n\t\t\t\t<\/div>\n\t\t<div class=\"elementor-element elementor-element-f580052 e-flex e-con-boxed e-con e-child\" data-id=\"f580052\" data-element_type=\"container\" data-settings=\"{&quot;content_width&quot;:&quot;boxed&quot;}\">\n\t\t\t\t\t<div class=\"e-con-inner\">\n\t\t\t\t\t<\/div>\n\t\t\t\t<\/div>\n\t\t\t\t\t<\/div>\n\t\t\t\t<\/div>\n\t\t\t\t\t<\/div>\n\t\t\t\t<\/div>\n\t\t\t\t\t\t\t<\/div>","protected":false},"excerpt":{"rendered":"<p>O nas Rozwijamy i wdra\u017camy zaawansowany system LIMS WEBLAB dla nowoczesnych laboratori\u00f3w Tworzymy systemy informatyczne Posiadamy wieloletnie do\u015bwiadczenie we wdra\u017caniu system\u00f3w klasy LIMS w Laboratoriach kontraktowych, kontroli jako\u015bci czy badawczo rozwojowych. Wsp\u00f3\u0142praca zawsze rozpoczyna si\u0119 od dok\u0142adnego rozpoznania unikalnych potrzeb Laboratorium, skali jego dzia\u0142ania, plan\u00f3w na rozw\u00f3j czy ju\u017c wykorzystywanych system\u00f3w zarz\u0105dzania. W nast\u0119pnym kroku &hellip;<\/p>\n<p class=\"read-more\"> <a class=\"\" href=\"https:\/\/granteam.pl\/en\/o-nas\/\"> <span class=\"screen-reader-text\">About us<\/span> Read More &raquo;<\/a><\/p>","protected":false},"author":1,"featured_media":0,"parent":0,"menu_order":0,"comment_status":"closed","ping_status":"closed","template":"elementor_header_footer","meta":{"site-sidebar-layout":"default","site-content-layout":"","ast-site-content-layout":"","site-content-style":"default","site-sidebar-style":"default","ast-global-header-display":"","ast-banner-title-visibility":"","ast-main-header-display":"","ast-hfb-above-header-display":"","ast-hfb-below-header-display":"","ast-hfb-mobile-header-display":"","site-post-title":"","ast-breadcrumbs-content":"","ast-featured-img":"","footer-sml-layout":"","theme-transparent-header-meta":"","adv-header-id-meta":"","stick-header-meta":"","header-above-stick-meta":"","header-main-stick-meta":"","header-below-stick-meta":"","astra-migrate-meta-layouts":"default","ast-page-background-enabled":"default","ast-page-background-meta":{"desktop":{"background-color":"var(--ast-global-color-4)","background-image":"","background-repeat":"repeat","background-position":"center center","background-size":"auto","background-attachment":"scroll","background-type":"","background-media":"","overlay-type":"","overlay-color":"","overlay-gradient":""},"tablet":{"background-color":"","background-image":"","background-repeat":"repeat","background-position":"center center","background-size":"auto","background-attachment":"scroll","background-type":"","background-media":"","overlay-type":"","overlay-color":"","overlay-gradient":""},"mobile":{"background-color":"","background-image":"","background-repeat":"repeat","background-position":"center center","background-size":"auto","background-attachment":"scroll","background-type":"","background-media":"","overlay-type":"","overlay-color":"","overlay-gradient":""}},"ast-content-background-meta":{"desktop":{"background-color":"var(--ast-global-color-5)","background-image":"","background-repeat":"repeat","background-position":"center center","background-size":"auto","background-attachment":"scroll","background-type":"","background-media":"","overlay-type":"","overlay-color":"","overlay-gradient":""},"tablet":{"background-color":"var(--ast-global-color-5)","background-image":"","background-repeat":"repeat","background-position":"center center","background-size":"auto","background-attachment":"scroll","background-type":"","background-media":"","overlay-type":"","overlay-color":"","overlay-gradient":""},"mobile":{"background-color":"var(--ast-global-color-5)","background-image":"","background-repeat":"repeat","background-position":"center center","background-size":"auto","background-attachment":"scroll","background-type":"","background-media":"","overlay-type":"","overlay-color":"","overlay-gradient":""}},"footnotes":""},"class_list":["post-174","page","type-page","status-publish","hentry"],"_links":{"self":[{"href":"https:\/\/granteam.pl\/en\/wp-json\/wp\/v2\/pages\/174","targetHints":{"allow":["GET"]}}],"collection":[{"href":"https:\/\/granteam.pl\/en\/wp-json\/wp\/v2\/pages"}],"about":[{"href":"https:\/\/granteam.pl\/en\/wp-json\/wp\/v2\/types\/page"}],"author":[{"embeddable":true,"href":"https:\/\/granteam.pl\/en\/wp-json\/wp\/v2\/users\/1"}],"replies":[{"embeddable":true,"href":"https:\/\/granteam.pl\/en\/wp-json\/wp\/v2\/comments?post=174"}],"version-history":[{"count":113,"href":"https:\/\/granteam.pl\/en\/wp-json\/wp\/v2\/pages\/174\/revisions"}],"predecessor-version":[{"id":1907,"href":"https:\/\/granteam.pl\/en\/wp-json\/wp\/v2\/pages\/174\/revisions\/1907"}],"wp:attachment":[{"href":"https:\/\/granteam.pl\/en\/wp-json\/wp\/v2\/media?parent=174"}],"curies":[{"name":"wp","href":"https:\/\/api.w.org\/{rel}","templated":true}]}}